{"id":167,"date":"2021-02-27T23:19:54","date_gmt":"2021-02-27T22:19:54","guid":{"rendered":"https:\/\/zdp.ostroleka.pl\/?page_id=167"},"modified":"2021-05-20T13:55:12","modified_gmt":"2021-05-20T11:55:12","slug":"polityka-prywatnosci-2","status":"publish","type":"page","link":"https:\/\/zdp.ostroleka.pl\/?page_id=167","title":{"rendered":"Polityka prywatno\u015bci"},"content":{"rendered":"\n<p>Serwis internetowy nie udost\u0119pnia osobom trzecim informacji pochodz\u0105cych z formularzy kontaktowych umieszczonych w serwisie, poczty e-mail przesy\u0142anej bezpo\u015brednio chyba \u017ce stosowny organ administracji publicznej lub s\u0105d wyst\u0105pi o ich udost\u0119pnienie. <\/p>\n\n\n\n<p>Wszelkie dane osobowe lub instytucji pochodz\u0105ce z formularzy kontaktowych w tym serwisie lub poczty e-mail przesy\u0142anej bezpo\u015brednio nie s\u0105 przedmiotem obrotu handlowego.<\/p>\n\n\n\n<p>Niekt\u00f3re elementy serwisu mog\u0105 wykorzystywa\u0107 cookies (ma\u0142e pliki wysy\u0142ane do komputera u\u017cytkownika identyfikuj\u0105c go do wykonania okre\u015blonej operacji). Przyk\u0142ad: zmiana wielko\u015bci lub kontrastu czcionki. Warunkiem dzia\u0142ania cookies jest ich akceptacja przez przegl\u0105dark\u0119.<\/p>\n\n\n\n<p>Nie odpowiadamy za polityk\u0119 prywatno\u015bci serwis\u00f3w, do kt\u00f3rych prowadz\u0105 linki z tego serwisu<\/p>\n\n\n\n<p>Zbieramy i analizujemy dane wynikaj\u0105ce z log\u00f3w systemowych.<\/p>\n\n\n\n<p>Jako propagatorzy idei dost\u0119pno\u015bci i u\u017cyteczno\u015bci stron internetowych w Internecie dok\u0142adamy wszelkich stara\u0144 aby nasz serwis by\u0142 maksymalnie bezpieczny dla u\u017cytkownik\u00f3w.<\/p>\n","protected":false},"excerpt":{"rendered":"<p>Serwis internetowy nie udost\u0119pnia osobom trzecim informacji pochodz\u0105cych z formularzy kontaktowych umieszczonych w serwisie, poczty e-mail przesy\u0142anej bezpo\u015brednio chyba \u017ce stosowny organ administracji publicznej lub s\u0105d wyst\u0105pi o ich udost\u0119pnienie. Wszelkie dane osobowe lub instytucji pochodz\u0105ce z formularzy kontaktowych w tym serwisie lub poczty e-mail przesy\u0142anej bezpo\u015brednio nie s\u0105 przedmiotem obrotu handlowego. Niekt\u00f3re elementy serwisu [&hellip;]<\/p>\n","protected":false},"author":2,"featured_media":36,"parent":0,"menu_order":0,"comment_status":"closed","ping_status":"closed","template":"","meta":{"om_disable_all_campaigns":false,"_monsterinsights_skip_tracking":false,"_monsterinsights_sitenote_active":false,"_monsterinsights_sitenote_note":"","_monsterinsights_sitenote_category":0,"footnotes":""},"class_list":["post-167","page","type-page","status-publish","has-post-thumbnail","hentry"],"aioseo_notices":[],"_links":{"self":[{"href":"https:\/\/zdp.ostroleka.pl\/index.php?rest_route=\/wp\/v2\/pages\/167","targetHints":{"allow":["GET"]}}],"collection":[{"href":"https:\/\/zdp.ostroleka.pl\/index.php?rest_route=\/wp\/v2\/pages"}],"about":[{"href":"https:\/\/zdp.ostroleka.pl\/index.php?rest_route=\/wp\/v2\/types\/page"}],"author":[{"embeddable":true,"href":"https:\/\/zdp.ostroleka.pl\/index.php?rest_route=\/wp\/v2\/users\/2"}],"replies":[{"embeddable":true,"href":"https:\/\/zdp.ostroleka.pl\/index.php?rest_route=%2Fwp%2Fv2%2Fcomments&post=167"}],"version-history":[{"count":3,"href":"https:\/\/zdp.ostroleka.pl\/index.php?rest_route=\/wp\/v2\/pages\/167\/revisions"}],"predecessor-version":[{"id":548,"href":"https:\/\/zdp.ostroleka.pl\/index.php?rest_route=\/wp\/v2\/pages\/167\/revisions\/548"}],"wp:featuredmedia":[{"embeddable":true,"href":"https:\/\/zdp.ostroleka.pl\/index.php?rest_route=\/wp\/v2\/media\/36"}],"wp:attachment":[{"href":"https:\/\/zdp.ostroleka.pl\/index.php?rest_route=%2Fwp%2Fv2%2Fmedia&parent=167"}],"curies":[{"name":"wp","href":"https:\/\/api.w.org\/{rel}","templated":true}]}}