{"id":140,"date":"2020-09-17T23:01:00","date_gmt":"2020-09-17T21:01:00","guid":{"rendered":"https:\/\/zdp.ostroleka.pl\/?page_id=140"},"modified":"2026-01-02T13:20:41","modified_gmt":"2026-01-02T12:20:41","slug":"druki-do-pobrania","status":"publish","type":"page","link":"https:\/\/zdp.ostroleka.pl\/?page_id=140","title":{"rendered":"Druki do pobrania"},"content":{"rendered":"\n<div class=\"wp-block-file\"><a id=\"wp-block-file--media-212629b1-b04f-47e5-86eb-f1350def752c\" href=\"https:\/\/zdp.ostroleka.pl\/wp-content\/uploads\/2025\/04\/Wniosek-o-wydanie-zezwolenia-na-przejazd-pojazdu-nienormatywnego.docx\">Wniosek o wydanie zezwolenia na przejazd pojazdu nienormatywnego<\/a><a href=\"https:\/\/zdp.ostroleka.pl\/wp-content\/uploads\/2025\/04\/Wniosek-o-wydanie-zezwolenia-na-przejazd-pojazdu-nienormatywnego.docx\" class=\"wp-block-file__button wp-element-button\" download aria-describedby=\"wp-block-file--media-212629b1-b04f-47e5-86eb-f1350def752c\">Pobierz<\/a><\/div>\n\n\n\n<div class=\"wp-block-file\"><a id=\"wp-block-file--media-d7fbe6ac-b2fe-46f9-94c0-05644178cc33\" href=\"https:\/\/zdp.ostroleka.pl\/wp-content\/uploads\/2025\/04\/Wniosek-o-wydanie-zezwolenia-przedluzenia-zezwolenia-na-przejazd-dla-pojazdow-o-masie-calkowitej-przekraczajacej-12t.docx\">Wniosek o wydanie zezwolenia, przed\u0142u\u017cenia zezwolenia na przejazd dla pojazd\u00f3w o masie ca\u0142kowitej przekraczaj\u0105cej 12t<\/a><a href=\"https:\/\/zdp.ostroleka.pl\/wp-content\/uploads\/2025\/04\/Wniosek-o-wydanie-zezwolenia-przedluzenia-zezwolenia-na-przejazd-dla-pojazdow-o-masie-calkowitej-przekraczajacej-12t.docx\" class=\"wp-block-file__button wp-element-button\" download aria-describedby=\"wp-block-file--media-d7fbe6ac-b2fe-46f9-94c0-05644178cc33\">Pobierz<\/a><\/div>\n\n\n\n<div class=\"wp-block-file\"><a id=\"wp-block-file--media-42998f98-bf6f-43c2-af0b-17b74de8180f\" href=\"https:\/\/zdp.ostroleka.pl\/wp-content\/uploads\/2025\/04\/Wniosek-o-wydanie-decyzji-na-lokalizacje-w-pasie-drogowym-obiektow-lub-urzadzen-nie-zwiazanych-z-gospodarka-drogowa-lub-obsluga-ruchu-drogowego-oraz-reklam.doc\">Wniosek o wydanie decyzji na lokalizacj\u0119 w pasie drogowym obiekt\u00f3w lub urz\u0105dze\u0144 nie zwi\u0105zanych z gospodark\u0105 drogow\u0105 lub obs\u0142ug\u0105 ruchu drogowego oraz reklam<\/a><a href=\"https:\/\/zdp.ostroleka.pl\/wp-content\/uploads\/2025\/04\/Wniosek-o-wydanie-decyzji-na-lokalizacje-w-pasie-drogowym-obiektow-lub-urzadzen-nie-zwiazanych-z-gospodarka-drogowa-lub-obsluga-ruchu-drogowego-oraz-reklam.doc\" class=\"wp-block-file__button wp-element-button\" download aria-describedby=\"wp-block-file--media-42998f98-bf6f-43c2-af0b-17b74de8180f\">Pobierz<\/a><\/div>\n\n\n\n<div class=\"wp-block-file\"><a id=\"wp-block-file--media-96fd1bbe-e83f-4443-849e-41da20792e76\" href=\"https:\/\/zdp.ostroleka.pl\/wp-content\/uploads\/2025\/04\/Wniosek-o-wydanie-zgody-na-lokalizacje-zjazdu.doc\">Wniosek o wydanie zgody na lokalizacj\u0119 zjazdu<\/a><a href=\"https:\/\/zdp.ostroleka.pl\/wp-content\/uploads\/2025\/04\/Wniosek-o-wydanie-zgody-na-lokalizacje-zjazdu.doc\" class=\"wp-block-file__button wp-element-button\" download aria-describedby=\"wp-block-file--media-96fd1bbe-e83f-4443-849e-41da20792e76\">Pobierz<\/a><\/div>\n\n\n\n<div class=\"wp-block-file\"><a id=\"wp-block-file--media-76243b1c-a53a-4fda-a2d7-0c8fc76ce615\" href=\"https:\/\/zdp.ostroleka.pl\/wp-content\/uploads\/2025\/01\/akt-1.pdf\">Za zaj\u0119cie pasa drogowego pobiera si\u0119 op\u0142aty obliczone na zasadach i wysoko\u015bci okre\u015blonej w Uchwale Nr IX\/65\/2024 Rady Powiatu w Ostro\u0142\u0119ce z dnia 11 grudnia 2024 r. w sprawie ustalenia dla dr\u00f3g powiatowych stawek op\u0142at za zaj\u0119cie pasa drogowego na terenie Powiatu Ostro\u0142\u0119ckiego<\/a><a href=\"https:\/\/zdp.ostroleka.pl\/wp-content\/uploads\/2025\/01\/akt-1.pdf\" class=\"wp-block-file__button wp-element-button\" download aria-describedby=\"wp-block-file--media-76243b1c-a53a-4fda-a2d7-0c8fc76ce615\">Pobierz<\/a><\/div>\n\n\n\n<div class=\"wp-block-file\"><a id=\"wp-block-file--media-e3c4d0d0-d04f-45e8-b53d-b86694c84b7f\" href=\"https:\/\/zdp.ostroleka.pl\/wp-content\/uploads\/2025\/04\/Uchwala-Nr-XIII.77.2025-Rady-Powiatu-z-dnia-25-lutego-2025r.-zmieniajaca-uchwale-w-sprawie-ustalenia-dla-drog-powiatowych-stawek-oplat-za-zajecie-pasa-drogowego.pdf\">Uchwa\u0142a Nr XIII\/77\/2025 Rady Powiatu z dnia 25 lutego 2025r. zmieniaj\u0105ca uchwa\u0142\u0119 w sprawie ustalenia dla dr\u00f3g powiatowych stawek op\u0142at za zaj\u0119cie pasa drogowego na terenie Powiatu Ostro\u0142\u0119ckiego<\/a><a href=\"https:\/\/zdp.ostroleka.pl\/wp-content\/uploads\/2025\/04\/Uchwala-Nr-XIII.77.2025-Rady-Powiatu-z-dnia-25-lutego-2025r.-zmieniajaca-uchwale-w-sprawie-ustalenia-dla-drog-powiatowych-stawek-oplat-za-zajecie-pasa-drogowego.pdf\" class=\"wp-block-file__button wp-element-button\" download aria-describedby=\"wp-block-file--media-e3c4d0d0-d04f-45e8-b53d-b86694c84b7f\">Pobierz<\/a><\/div>\n\n\n\n<div class=\"wp-block-file\"><a id=\"wp-block-file--media-3071afa5-ba64-467c-b0e1-8e6f5ac99d5d\" href=\"https:\/\/zdp.ostroleka.pl\/wp-content\/uploads\/2026\/01\/Wniosek-o-wydanie-zezwolenia-na-zajecie-pasa-drogowego-w-celu-prowadzenia-robot.docx\">Wniosek o wydanie zezwolenia na zaj\u0119cie pasa drogowego w celu prowadzenia rob\u00f3t<\/a><a href=\"https:\/\/zdp.ostroleka.pl\/wp-content\/uploads\/2026\/01\/Wniosek-o-wydanie-zezwolenia-na-zajecie-pasa-drogowego-w-celu-prowadzenia-robot.docx\" class=\"wp-block-file__button wp-element-button\" download aria-describedby=\"wp-block-file--media-3071afa5-ba64-467c-b0e1-8e6f5ac99d5d\">Pobierz<\/a><\/div>\n\n\n\n<div class=\"wp-block-file\"><a id=\"wp-block-file--media-aed2c233-5835-42b1-acea-23b1540eeb8e\" href=\"https:\/\/zdp.ostroleka.pl\/wp-content\/uploads\/2026\/01\/Wniosek-o-wydanie-zezwolenia-na-zajecie-pasa-drogowego-w-celu-umieszczenia-liniowych-urzadzen-obcych.docx\">Wniosek o wydanie zezwolenia na zaj\u0119cie pasa drogowego w celu umieszczenia liniowych urz\u0105dze\u0144 obcych<\/a><a href=\"https:\/\/zdp.ostroleka.pl\/wp-content\/uploads\/2026\/01\/Wniosek-o-wydanie-zezwolenia-na-zajecie-pasa-drogowego-w-celu-umieszczenia-liniowych-urzadzen-obcych.docx\" class=\"wp-block-file__button wp-element-button\" download aria-describedby=\"wp-block-file--media-aed2c233-5835-42b1-acea-23b1540eeb8e\">Pobierz<\/a><\/div>\n\n\n\n<p class=\"has-text-align-left\"><\/p>\n\n\n\n<p><\/p>\n","protected":false},"excerpt":{"rendered":"","protected":false},"author":2,"featured_media":36,"parent":0,"menu_order":0,"comment_status":"closed","ping_status":"closed","template":"","meta":{"om_disable_all_campaigns":false,"_monsterinsights_skip_tracking":false,"_monsterinsights_sitenote_active":false,"_monsterinsights_sitenote_note":"","_monsterinsights_sitenote_category":0,"footnotes":""},"class_list":["post-140","page","type-page","status-publish","has-post-thumbnail","hentry"],"aioseo_notices":[],"_links":{"self":[{"href":"https:\/\/zdp.ostroleka.pl\/index.php?rest_route=\/wp\/v2\/pages\/140","targetHints":{"allow":["GET"]}}],"collection":[{"href":"https:\/\/zdp.ostroleka.pl\/index.php?rest_route=\/wp\/v2\/pages"}],"about":[{"href":"https:\/\/zdp.ostroleka.pl\/index.php?rest_route=\/wp\/v2\/types\/page"}],"author":[{"embeddable":true,"href":"https:\/\/zdp.ostroleka.pl\/index.php?rest_route=\/wp\/v2\/users\/2"}],"replies":[{"embeddable":true,"href":"https:\/\/zdp.ostroleka.pl\/index.php?rest_route=%2Fwp%2Fv2%2Fcomments&post=140"}],"version-history":[{"count":14,"href":"https:\/\/zdp.ostroleka.pl\/index.php?rest_route=\/wp\/v2\/pages\/140\/revisions"}],"predecessor-version":[{"id":2950,"href":"https:\/\/zdp.ostroleka.pl\/index.php?rest_route=\/wp\/v2\/pages\/140\/revisions\/2950"}],"wp:featuredmedia":[{"embeddable":true,"href":"https:\/\/zdp.ostroleka.pl\/index.php?rest_route=\/wp\/v2\/media\/36"}],"wp:attachment":[{"href":"https:\/\/zdp.ostroleka.pl\/index.php?rest_route=%2Fwp%2Fv2%2Fmedia&parent=140"}],"curies":[{"name":"wp","href":"https:\/\/api.w.org\/{rel}","templated":true}]}}