{"id":10,"date":"2017-02-27T21:10:24","date_gmt":"2017-02-27T20:10:24","guid":{"rendered":"https:\/\/zdp.ostroleka.pl\/?page_id=10"},"modified":"2025-11-04T18:23:48","modified_gmt":"2025-11-04T17:23:48","slug":"struktura","status":"publish","type":"page","link":"https:\/\/zdp.ostroleka.pl\/?page_id=10","title":{"rendered":"Struktura Zarz\u0105du Dr\u00f3g Powiatowych w Ostro\u0142\u0119ce"},"content":{"rendered":"\n<p><strong>*Przy podanych adresach mailowych zamiast znaku [at] prosz\u0119 wstawi\u0107 znak @<\/strong><\/p>\n\n\n\n<p>______________________________________________<\/p>\n\n\n\n<p><strong>Dyrektor Zarz\u0105du Dr\u00f3g Powiatowych<\/strong>:<br><strong>Grzegorz Artur Baku\u0142a<\/strong><\/p>\n\n\n\n<p>e-mail: dyrektor(at)zdp.ostroleka.pl<\/p>\n\n\n\n<p><strong>Sekretariat:<\/strong><\/p>\n\n\n\n<p>e-mail: zdpoka(at)zdp.ostroleka.pl<br>tel: +48 (29) 769-49-20<br>fax: +48 (29) 769-49-28<\/p>\n\n\n\n<p><br><strong>Dzia\u0142 Finansowo \u2013 Ksi\u0119gowy:<\/strong><\/p>\n\n\n\n<p><strong>Kierownik Dzia\u0142u Finansowo \u2013 Ksi\u0119gowego i Administracji:<\/strong><br><strong>Bo\u017cena Chmielewska &#8211; G\u0142\u00f3wna Ksiegowa<\/strong><\/p>\n\n\n\n<p>e-mail: ksiegowosc(at)zdp.ostroleka.pl<br>tel: +48 (29) 769-49-22<\/p>\n\n\n\n<p><strong>Starszy Specjalista ds. pracowniczych:<\/strong><br><strong>Barbara Nadwodna<\/strong><br><br>e-mail: kadry(at)zdp.ostroleka.pl<br>tel: +48 (29) 769-49-27<\/p>\n\n\n\n<p><strong>Specjalista ds. administracyjnych, kasjer:<br>Adrianna Wierzbicka-\u0141ada<\/strong><\/p>\n\n\n\n<p>e-mail: administracja(at)zdp.ostroleka.pl<br>tel: +48 (29) 769-49-20<\/p>\n\n\n\n<p><strong><br>Dzia\u0142 Techniczny:<\/strong><\/p>\n\n\n\n<p><strong>Kierownik Dzia\u0142u Technicznego:<\/strong><br><strong><strong>Dariusz Ma\u0142kowski<\/strong><\/strong><\/p>\n\n\n\n<p>e-mail: kdt(at)zdp.ostroleka.pl<br>e-mail: ewidencja(at)zdp.ostroleka.pl<br>tel.: +48 (29) 760-26-21 wew. 33<\/p>\n\n\n\n<p><\/p>\n\n\n\n<p><strong>Specjalista ds. utrzymania dr\u00f3g i most\u00f3w,<\/strong><br><strong>planowania techniczno &#8211; ekonomicznego:<\/strong><br><strong>Jaros\u0142aw Grzeszczyk<\/strong><\/p>\n\n\n\n<p>e-mail: utrzymanie(at)zdp.ostroleka.pl<br>tel.: +48 (29) 769-49-25<\/p>\n\n\n\n<p><\/p>\n\n\n\n<p><br><strong>Starszy Specjalista ds. dokumentacji, um\u00f3w, przetarg\u00f3w i rozlicze\u0144:<\/strong><br><strong>Krzysztof Tomczak<br><\/strong><br>e-mail: zamowienia(at)zdp.ostroleka.pl<br>tel: +48 (29) 769-49-24<\/p>\n\n\n\n<p><strong>Starszy Specjalista ds. dokumentacji, um\u00f3w, przetarg\u00f3w i rozlicze\u0144:<\/strong><br><strong>Milena Mr\u00f3z<\/strong><br>e-mail: m.mroz(at)zdp.ostroleka.pl<br>tel: +48 (29) 760-26-21 wewn. 31<\/p>\n\n\n\n<p><br><strong>Starszy Specjalista ds. ochrony dr\u00f3g i most\u00f3w:<\/strong><br><strong>Anna Dzierlatka<br><\/strong><br>e-mail: ochrona(at)zdp.ostroleka.pl<br>tel: +48 (29) 769-49-24<br><\/p>\n\n\n\n<p><strong>In\u017cynier ruchu:<\/strong><br><strong>Przemys\u0142aw Leo\u0144czyk<\/strong><\/p>\n\n\n\n<p>e-mail: oznakowanie(at)zdp.ostroleka.pl<br>tel: +48 (29) 769-49-23<\/p>\n\n\n\n<p><strong>Starszy Specjalista ds. dokumentacji, inwestycji, projekt\u00f3w unijnych i odszkodowa\u0144:<br>Katarzyna Bara\u0144ska<\/strong><\/p>\n\n\n\n<p>e-mail: realizacje(at)zdp.ostroleka.pl<br>tel.: +48 (29) 760-26-21 wewn. 32<\/p>\n\n\n\n<p><strong>Specjalista ds. ochrony pasa drogowego, gospodarki gruntami, uzgodnie\u0144:<br>Jacek Pokora<\/strong><\/p>\n\n\n\n<p>e-mail: inzynieria(at)zdp.ostroleka.pl<br>tel.: +48 (29) 760-26-21 wewn. 32<\/p>\n\n\n\n<p><strong>Obw\u00f3d Drogowo Mostowy w Ostro\u0142\u0119ce<\/strong><br><strong>Kierownik Obwodu Drogowo Mostowego w Ostro\u0142\u0119ce:<\/strong><br><strong>Jaros\u0142aw Szurpicki<br><\/strong><br>e-mail:&nbsp;odmostroleka(at)zdp.ostroleka.pl<br>tel: +48 (29) 769-49-26<br><br><strong>Obw\u00f3d Drogowo Mostowy w Kadzidle<\/strong><br><strong>Kierownik Obwodu Drogowo Mostowego w Kadzidle:<\/strong><br><strong>Piotr Panu\u015b<br><\/strong><br>e-mail: odmkadzidlo(at)zdp.ostroleka.pl<br>tel: 604 465 906<br><br><strong>Obw\u00f3d Drogowo Mostowy w Myszy\u0144cu<\/strong><br><strong>Kierownik Obwodu Drogowo Mostowego w Myszy\u0144cu:<\/strong><br><strong>Rados\u0142aw Sylwester Baranowski<br><\/strong><br>e-mail: odmmyszyniec(at)zdp.ostroleka.pl<br>tel: +48 (29) 772-10-42<\/p>\n","protected":false},"excerpt":{"rendered":"<p>*Przy podanych adresach mailowych zamiast znaku [at] prosz\u0119 wstawi\u0107 znak @ ______________________________________________ Dyrektor Zarz\u0105du Dr\u00f3g Powiatowych:Grzegorz Artur Baku\u0142a e-mail: dyrektor(at)zdp.ostroleka.pl Sekretariat: e-mail: zdpoka(at)zdp.ostroleka.pltel: +48 (29) 769-49-20fax: +48 (29) 769-49-28 Dzia\u0142 Finansowo \u2013 Ksi\u0119gowy: Kierownik Dzia\u0142u Finansowo \u2013 Ksi\u0119gowego i Administracji:Bo\u017cena Chmielewska &#8211; G\u0142\u00f3wna Ksiegowa e-mail: ksiegowosc(at)zdp.ostroleka.pltel: +48 (29) 769-49-22 Starszy Specjalista ds. pracowniczych:Barbara Nadwodna e-mail: [&hellip;]<\/p>\n","protected":false},"author":2,"featured_media":0,"parent":0,"menu_order":0,"comment_status":"closed","ping_status":"closed","template":"","meta":{"om_disable_all_campaigns":false,"_monsterinsights_skip_tracking":false,"_monsterinsights_sitenote_active":false,"_monsterinsights_sitenote_note":"","_monsterinsights_sitenote_category":0,"footnotes":""},"class_list":["post-10","page","type-page","status-publish","hentry"],"aioseo_notices":[],"_links":{"self":[{"href":"https:\/\/zdp.ostroleka.pl\/index.php?rest_route=\/wp\/v2\/pages\/10","targetHints":{"allow":["GET"]}}],"collection":[{"href":"https:\/\/zdp.ostroleka.pl\/index.php?rest_route=\/wp\/v2\/pages"}],"about":[{"href":"https:\/\/zdp.ostroleka.pl\/index.php?rest_route=\/wp\/v2\/types\/page"}],"author":[{"embeddable":true,"href":"https:\/\/zdp.ostroleka.pl\/index.php?rest_route=\/wp\/v2\/users\/2"}],"replies":[{"embeddable":true,"href":"https:\/\/zdp.ostroleka.pl\/index.php?rest_route=%2Fwp%2Fv2%2Fcomments&post=10"}],"version-history":[{"count":33,"href":"https:\/\/zdp.ostroleka.pl\/index.php?rest_route=\/wp\/v2\/pages\/10\/revisions"}],"predecessor-version":[{"id":2937,"href":"https:\/\/zdp.ostroleka.pl\/index.php?rest_route=\/wp\/v2\/pages\/10\/revisions\/2937"}],"wp:attachment":[{"href":"https:\/\/zdp.ostroleka.pl\/index.php?rest_route=%2Fwp%2Fv2%2Fmedia&parent=10"}],"curies":[{"name":"wp","href":"https:\/\/api.w.org\/{rel}","templated":true}]}}